{"id":822,"date":"2011-01-17T13:30:52","date_gmt":"2011-01-17T13:30:52","guid":{"rendered":"http:\/\/www.spontanement.org\/wordpress\/?page_id=2"},"modified":"2019-03-05T09:06:37","modified_gmt":"2019-03-05T09:06:37","slug":"a-propos-2","status":"publish","type":"page","link":"http:\/\/www.spontanement.org\/wordpress\/?page_id=822","title":{"rendered":"\u00c0 propos"},"content":{"rendered":"<h2>Pourquoi ce site ?<\/h2>\n<p>Ce site a pour vocation d&rsquo;\u00eatre un lieu d&rsquo;\u00e9change et de discussion autour de l&rsquo;improvisation th\u00e9\u00e2trale.<\/p>\n<p>Le but ici est d&rsquo;explorer les diff\u00e9rentes approches de l&rsquo;improvisation, ouvrir un \u0153il neuf sur notre ch\u00e8re discipline, afin que chacun y trouve son style, sa pratique, son plaisir.<\/p>\n<p>S&rsquo;\u00e9loigner du dogme pour aller vers l&rsquo;exp\u00e9rimentation, l&rsquo;\u00e9change et la discussion, le tout avec spontan\u00e9it\u00e9 et sinc\u00e9rit\u00e9 !<\/p>\n<h2>A propos de moi<\/h2>\n<p>Je suis docteur en biologie, et je fais de la recherche \u00e0 dans l&rsquo;industrie pharmaceutique \u00e0 Lyon. J&rsquo;aime et pratique plusieurs arts de sc\u00e8ne et de spectacle (magie, danse, improvisation,&#8230;).<\/p>\n<h2>Mon CV impro\/th\u00e9\u00e2tre<\/h2>\n<p>J&rsquo;ai fais mes classes en apprenant le Match \u00e0 la <a title=\"LIKA\" href=\"https:\/\/wiki.crans.org\/LiKa\" target=\"_blank\" rel=\"noopener noreferrer\">LIKA<\/a> (Ligue d&rsquo;Improvisation KAchanaise). Puis, inspir\u00e9 par <a title=\"Site de Eux\" href=\"http:\/\/www.euximpro.fr\" target=\"_blank\" rel=\"noopener noreferrer\">Eux<\/a>, un petit groupe au sein de la LIKA s&rsquo;est mis \u00e0 pratiquer les formats longs (Harold). Nous nous sommes alors d\u00e9cid\u00e9 \u00e0 cr\u00e9er une troupe : <a title=\"META\" href=\"http:\/\/www.meta-impro.org\" target=\"_blank\" rel=\"noopener noreferrer\">META<\/a>, que j&rsquo;ai pr\u00e9sid\u00e9, et nous avons organis\u00e9 le Carr\u00e9 de l&rsquo;Impro en 2011 qui n&rsquo;a malheureusement pas eu de suites. Je participe en m\u00eame temps \u00e0 l&rsquo;atelier cr\u00e9\u00e9 par Eux : les <a title=\"Site de Eux\" href=\"http:\/\/www.euximpro.fr\" target=\"_blank\" rel=\"noopener noreferrer\">Impronautes<\/a>\u00a0(II &amp; III). J&rsquo;ai particip\u00e9 \u00e0 <a title=\"Smoking Sofa\" href=\"http:\/\/www.smokingsofa.fr\">Smoking Sofa<\/a> qui pratiquait le Gorilla Theater au Pixel Th\u00e9\u00e2tre.<br \/>\nJ&rsquo;ai \u00e9galement \u00e9t\u00e9 impliqu\u00e9 dans Again! Production et jou\u00e9 du Theatresports. Avec Ian, nous avons cr\u00e9\u00e9 le format <a title=\"Blog de Ian\" href=\"http:\/\/improviser.fr\/blog\" target=\"_blank\" rel=\"noopener noreferrer\">le Jeu de la Sc\u00e8ne<\/a>, un format duo\u00a0que j&rsquo;ai jou\u00e9 peu avant de quitter la France.<br \/>\nJ&rsquo;ai particip\u00e9 \u00e0 de nombreux ateliers : Keith Johnstone, Patti Stilles, Frank Totino, \u00a0Rob Reese, Improfessionals, Asaf Ronen, Mickael Robinson&#8230;<br \/>\nJ&rsquo;ai \u00e9galement jou\u00e9 dans plusieurs festivals nationaux (Improvisades, Carcan&rsquo;sc\u00e8ne), et internationaux (St Valentine&rsquo;s Day Massacre \u00e0 Vancouver, et SFIT \u00e0 Seattle).<\/p>\n<p>Aux Etats-Unis, j&rsquo;ai collabor\u00e9 avec le <a href=\"https:\/\/www.contemporarytheatercompany.com\/\">Contemporary Theatre Company<\/a>, o\u00f9 j&rsquo;ai particip\u00e9 au \u00e0 l&rsquo;improvisation (com\u00e9dien, formateur, metteur en sc\u00e8ne), avec le spectacle hebdomadaire Maestro de Keith Johnstone, et la cr\u00e9ation de pi\u00e8ces improvis\u00e9es (avec Slaming Doors qui a remport\u00e9 le prix 2017 de spectacle le plus cr\u00e9atif de Rhode Island), ainsi que la cr\u00e9ation de <a href=\"https:\/\/ouardanejouannot.wixsite.com\/serioustheatre\">Serious Theatre With Real Actors<\/a> que nous avons jou\u00e9 lors de quelques festivals. J&rsquo;ai \u00e9galement particip\u00e9 au th\u00e9\u00e2tre \u00e0 texte (com\u00e9dien, \u00e9criture, accessoiriste, r\u00e9gisseur, metteur en sc\u00e8ne), en particulier la mise en sc\u00e8ne d&rsquo;<em>An Illiad<\/em> (qui a \u00e9galement remport\u00e9 le prix 2018 du spectacle le plus cr\u00e9atif de Rhode Island). J&rsquo;ai particip\u00e9 \u00e0 l&rsquo;organisation du <a href=\"https:\/\/www.contemporarytheatercompany.com\/ocean-state-improv-festival\">premier festival d&rsquo;impro de ce th\u00e9\u00e2tre<\/a> qui en est maintenant \u00e0 sa 3\u00e8me it\u00e9ration.<\/p>\n<p>De retour en France, je me retrouve donc \u00e0 Lyon o\u00f9 j&rsquo;enseigne \u00e0 <a href=\"http:\/\/improvidence.fr\/\">l&rsquo;improvidence<\/a> et je travaille sur mes prochains projets artistiques.<\/p>\n<h2>Me contacter<\/h2>\n<p>Vous pouvez me contacter via <a href=\"http:\/\/www.facebook.com\/ouardanejouannot\">Facebook<\/a> ou <a href=\"http:\/\/www.spontanement.org\/wordpress\/contact\/\">ce site<\/a> si vous souhaitez engager une conversation sur un sujet li\u00e9 \u00e0 l&rsquo;improvisation. Je suis \u00e9galement ouvert pour donner des ateliers, formations, ainsi que faire du coaching de troupe\/spectacle.<\/p>\n","protected":false},"excerpt":{"rendered":"<p>Pourquoi ce site ? Ce site a pour vocation d&rsquo;\u00eatre un lieu d&rsquo;\u00e9change et de discussion autour de l&rsquo;improvisation th\u00e9\u00e2trale.&hellip;<\/p>\n","protected":false},"author":1,"featured_media":0,"parent":0,"menu_order":0,"comment_status":"open","ping_status":"open","template":"","meta":{"jetpack_post_was_ever_published":false,"footnotes":""},"jetpack_sharing_enabled":true,"jetpack_shortlink":"https:\/\/wp.me\/P1iCDO-dg","_links":{"self":[{"href":"http:\/\/www.spontanement.org\/wordpress\/index.php?rest_route=\/wp\/v2\/pages\/822"}],"collection":[{"href":"http:\/\/www.spontanement.org\/wordpress\/index.php?rest_route=\/wp\/v2\/pages"}],"about":[{"href":"http:\/\/www.spontanement.org\/wordpress\/index.php?rest_route=\/wp\/v2\/types\/page"}],"author":[{"embeddable":true,"href":"http:\/\/www.spontanement.org\/wordpress\/index.php?rest_route=\/wp\/v2\/users\/1"}],"replies":[{"embeddable":true,"href":"http:\/\/www.spontanement.org\/wordpress\/index.php?rest_route=%2Fwp%2Fv2%2Fcomments&post=822"}],"version-history":[{"count":8,"href":"http:\/\/www.spontanement.org\/wordpress\/index.php?rest_route=\/wp\/v2\/pages\/822\/revisions"}],"predecessor-version":[{"id":1314,"href":"http:\/\/www.spontanement.org\/wordpress\/index.php?rest_route=\/wp\/v2\/pages\/822\/revisions\/1314"}],"wp:attachment":[{"href":"http:\/\/www.spontanement.org\/wordpress\/index.php?rest_route=%2Fwp%2Fv2%2Fmedia&parent=822"}],"curies":[{"name":"wp","href":"https:\/\/api.w.org\/{rel}","templated":true}]}}