{"id":842,"date":"2011-01-26T11:04:42","date_gmt":"2011-01-26T11:04:42","guid":{"rendered":"http:\/\/www.spontanement.org\/wordpress\/?page_id=842"},"modified":"2016-10-18T16:29:10","modified_gmt":"2016-10-18T16:29:10","slug":"bibliotheque","status":"publish","type":"page","link":"http:\/\/www.spontanement.org\/wordpress\/?page_id=842","title":{"rendered":"Biblioth\u00e8que"},"content":{"rendered":"<p>Une courte revue des livres que j&rsquo;ai lu, ce que j&rsquo;en ai pens\u00e9, de ce qu&rsquo;ils m&rsquo;ont apport\u00e9 :<\/p>\n<p><em>(Les liens amazon que vous trouverez ici vous permettront d&rsquo;acheter facilement ces livres. En suivant ces liens, vous les trouverez au m\u00eame prix que si vous les cherchiez par vous m\u00eame, en revanche, je touche une toute petite comission)<\/em><\/p>\n<p><strong>Impro for Storytellers<\/strong> &#8211; <em>Keith Johnstone<\/em> :<\/p>\n<table>\n<tbody>\n<tr>\n<td><iframe loading=\"lazy\" style=\"width: 120px; height: 240px;\" src=\"http:\/\/rcm-fr.amazon.fr\/e\/cm?t=spontanement-21&amp;o=8&amp;p=8&amp;l=as1&amp;asins=0878301054&amp;ref=tf_til&amp;fc1=000000&amp;IS2=1&amp;lt1=_blank&amp;m=amazon&amp;lc1=395C77&amp;bc1=F3F3F3&amp;bg1=F3F3F3&amp;f=ifr\" width=\"320\" height=\"240\" frameborder=\"0\" marginwidth=\"0\" marginheight=\"0\" scrolling=\"no\"><\/iframe><\/td>\n<td>S&rsquo;il ne fallait en lire qu&rsquo;un, ce serait celui l\u00e0. Le livre est facile \u00e0 lire, inspirant. La m\u00e9thode scientifique de Keith apporte un regard neuf sur l&rsquo;improvisation tout \u00e0 fait rafra\u00eechissant. C&rsquo;est pour moi le seul auteur qui porte r\u00e9ellement une vision globale et une th\u00e9orie coh\u00e9rente sur tous les aspects de l&rsquo;improvisation. Je n&rsquo;aurai qu&rsquo;une seule critique \u00e0 formuler : son livre est assez mal organis\u00e9, et il est difficile d&rsquo;y suivre un cheminement.<\/td>\n<\/tr>\n<\/tbody>\n<\/table>\n<p><strong>Impro, improvisation and the theater<\/strong> &#8211; <em>Keith Johnstone<\/em> :<\/p>\n<table>\n<tbody>\n<tr>\n<td><iframe loading=\"lazy\" style=\"width: 120px; height: 240px;\" src=\"http:\/\/rcm-fr.amazon.fr\/e\/cm?t=spontanement-21&amp;o=8&amp;p=8&amp;l=as1&amp;asins=0878301178&amp;ref=tf_til&amp;fc1=000000&amp;IS2=1&amp;lt1=_blank&amp;m=amazon&amp;lc1=395C77&amp;bc1=F3F3F3&amp;bg1=F3F3F3&amp;f=ifr\" width=\"320\" height=\"240\" frameborder=\"0\" marginwidth=\"0\" marginheight=\"0\" scrolling=\"no\"><\/iframe><\/td>\n<td>Ce livre pr\u00e9c\u00e8de Impro for storytellers, pourtant je vous recommande de le lire ensuite. D\u00e9j\u00e0 parce qu&rsquo;il \u00e9claircit certains points, et qu&rsquo;il d\u00e9veloppe plus les fondements th\u00e9oriques. Le livre est \u00e9galement plus difficile \u00e0 lire, donc mieux vaut d\u00e9j\u00e0 \u00eatre sous le charme du british !<\/td>\n<\/tr>\n<\/tbody>\n<\/table>\n<p><strong>The Improv Handbook<\/strong> &#8211; <em>Tom Salinski et Deborah Frances-White<\/em> :<\/p>\n<table>\n<tbody>\n<tr>\n<td><iframe loading=\"lazy\" style=\"width: 120px; height: 240px;\" src=\"http:\/\/rcm-fr.amazon.fr\/e\/cm?t=spontanement-21&amp;o=8&amp;p=8&amp;l=as1&amp;asins=0826428584&amp;ref=tf_til&amp;fc1=000000&amp;IS2=1&amp;lt1=_blank&amp;m=amazon&amp;lc1=395C77&amp;bc1=F3F3F3&amp;bg1=F3F3F3&amp;f=ifr\" width=\"320\" height=\"240\" frameborder=\"0\" marginwidth=\"0\" marginheight=\"0\" scrolling=\"no\"><\/iframe><\/td>\n<td>Un livre tr\u00e8s int\u00e9ressant ! Ces deux \u00e9l\u00e8ves tr\u00e8s influenc\u00e9s par Keith Johnstone propose un livre qui propose une construction des notions de bases de l&rsquo;improvisation sous influence de Johnstone, et mettent \u00e9galement en regard la technique de Johnstone avec celle de Close et de l&rsquo;improvisation de Chicago. Ce livre est un excellent compl\u00e9ment \u00e0 ceux de Johnstone, car on perd en g\u00e9nie ce qu&rsquo;on gagne en structure. Une seule critique : les auteurs sont des int\u00e9gristes de la narration. Ils consid\u00e8rent qu&rsquo;une histoire est l&rsquo;uniquement moyen de g\u00e9n\u00e9rer de la bonne impro. J&rsquo;ai l&rsquo;impression que m\u00eame Keith Johnstone lui m\u00eame ne serait pas aussi d\u00e9finitif.<\/td>\n<\/tr>\n<\/tbody>\n<\/table>\n<p><strong>Process: An Improviser&rsquo;s Journey<\/strong> &#8211; <em>Michael J. Gellman &amp; Mary Scruggs<\/em> :<\/p>\n<table>\n<tbody>\n<tr>\n<td><iframe loading=\"lazy\" style=\"width: 120px; height: 240px;\" src=\"http:\/\/rcm-fr.amazon.fr\/e\/cm?t=spontanement-21&amp;o=8&amp;p=8&amp;l=as1&amp;asins=0810124726&amp;ref=tf_til&amp;fc1=000000&amp;IS2=1&amp;lt1=_blank&amp;m=amazon&amp;lc1=395C77&amp;bc1=F3F3F3&amp;bg1=F3F3F3&amp;f=ifr\" width=\"320\" height=\"240\" frameborder=\"0\" marginwidth=\"0\" marginheight=\"0\" scrolling=\"no\"><\/iframe><\/td>\n<td>Ce livre pr\u00e9sente l&rsquo;art et l&rsquo;improvisation comme un processus. Ce processus propose de d\u00e9velopper des techniques pour improviser une pi\u00e8ce de 30 minutes de la qualit\u00e9 litt\u00e9raire \u00e9gale \u00e0 une autre production th\u00e9\u00e2trale bas\u00e9 sur un texte. Mais comme son titre l&rsquo;indique, ce n&rsquo;est pas tant le r\u00e9sultat qui est int\u00e9ressant, mais la d\u00e9marche, le processus, pour y parvenir. C&rsquo;est ainsi que les livre pr\u00e9sente sous la forme d&rsquo;un r\u00e9cit d&rsquo;un \u00e9l\u00e8ve qui participe \u00e0 l&rsquo;atelier le processus qu&rsquo;il traverse (\u00e0 la mani\u00e8re de stanislavski dans la pr\u00e9paration de l&rsquo;acteur), et qui \u00e9claire le processus de l&rsquo;improvisation organique. Le livre est court, bien \u00e9crit et agr\u00e9able \u00e0 lire. Le livre renvoie vraiment une improvisation compl\u00e8tement diff\u00e9rente de ce qu&rsquo;on peut trouver ailleurs, et apporte vraiment autre chose. Cependant, je pense qu&rsquo;il est tr\u00e8s difficile de bien comprendre de quoi il s&rsquo;agit tant qu&rsquo;on ne l&rsquo;a pas exp\u00e9rimenter sois m\u00eame, et la simple lecture du livre peut \u00eatre insuffisante. D&rsquo;autre part, le livre est d\u00e9pourvu d&rsquo;index, et il est tr\u00e8s difficile de retrouver les exercices une fois la lecture finie et le processus compris (au moins partiellement). Je vous conseille de lire ce livre si vous souhaitez aborder l&rsquo;improvisation th\u00e9\u00e2trale de fa\u00e7on compl\u00e8tement diff\u00e9rente (la m\u00e9thode est brillante et passionnante), mais \u00e7a vous demandera beaucoup de travail et un groupe pr\u00eat \u00e0 vous y suivre.<\/td>\n<\/tr>\n<\/tbody>\n<\/table>\n<p><strong>Improvise, Scenes from inside out<\/strong> &#8211; <em>Mick Napier<\/em> :<\/p>\n<table>\n<tbody>\n<tr>\n<td><iframe loading=\"lazy\" style=\"width: 120px; height: 240px;\" src=\"http:\/\/rcm-fr.amazon.fr\/e\/cm?t=spontanement-21&amp;o=8&amp;p=8&amp;l=as1&amp;asins=032500630X&amp;ref=tf_til&amp;fc1=000000&amp;IS2=1&amp;lt1=_blank&amp;m=amazon&amp;lc1=395C77&amp;bc1=F3F3F3&amp;bg1=F3F3F3&amp;f=ifr\" width=\"320\" height=\"240\" frameborder=\"0\" marginwidth=\"0\" marginheight=\"0\" scrolling=\"no\"><\/iframe><\/td>\n<td>Ce livre ouvre les yeux sur un aspect tabou et central dans l&rsquo;improvisation : la peur. Je pense que ce livre est particuli\u00e8rement int\u00e9ressant pour les groupes qui pratiquent l&rsquo;impro \u00e0 la fran\u00e7aise [Ecoute, Accepte, Propose]. Il propose \u00e9galement des petits trucs tr\u00e8s concrets bien utiles sur les auditions, le comportement en r\u00e9p\u00e9titions, etc. Son travail sur la peur est vraiment int\u00e9ressant, mais je trouve dommage qu&rsquo;il ait tendance \u00e0 proposer de se cr\u00e9er un personnage-armure, plut\u00f4t que d&rsquo;accepter d&rsquo;\u00eatre vuln\u00e9rable et sinc\u00e8re.<\/td>\n<\/tr>\n<\/tbody>\n<\/table>\n<p><strong>Improvise Better<\/strong> &#8211; <em>Jimmy Carrane, Liz Allen<\/em> :<\/p>\n<table>\n<tbody>\n<tr>\n<td><iframe loading=\"lazy\" style=\"width: 120px; height: 240px;\" src=\"http:\/\/rcm-fr.amazon.fr\/e\/cm?t=spontanement-21&amp;o=8&amp;p=8&amp;l=as1&amp;asins=0325009422&amp;ref=tf_til&amp;fc1=000000&amp;IS2=1&amp;lt1=_blank&amp;m=amazon&amp;lc1=395C77&amp;bc1=F3F3F3&amp;bg1=F3F3F3&amp;f=ifr\" width=\"320\" height=\"240\" frameborder=\"0\" marginwidth=\"0\" marginheight=\"0\" scrolling=\"no\"><\/iframe><\/td>\n<td>Un super petit bouquin tr\u00e8s simple avec des cas tr\u00e8s concret. Vous improvisez depuis 2-3 ans et vous trouvez que vous ne progressez plus ? Ce livre peut vous remettre en selle ! Avec des cas tr\u00e8s concrets et des exercices en rapport, ce livre traite de quelques points de blocage et explique comment s&rsquo;en lib\u00e9rer. Humble, concret, pratique, ce livre ne r\u00e9volutionne pas l&rsquo;improvisation mais peut s&rsquo;av\u00e9rer bien utile !<\/td>\n<\/tr>\n<\/tbody>\n<\/table>\n<p><strong>Improv for actors<\/strong> &#8211; <em>Dan Dingles<\/em> :<\/p>\n<table>\n<tbody>\n<tr>\n<td><iframe loading=\"lazy\" style=\"width: 120px; height: 240px;\" src=\"http:\/\/rcm-fr.amazon.fr\/e\/cm?t=spontanement-21&amp;o=8&amp;p=8&amp;l=as1&amp;asins=1581153252&amp;ref=tf_til&amp;fc1=000000&amp;IS2=1&amp;lt1=_blank&amp;m=amazon&amp;lc1=395C77&amp;bc1=F3F3F3&amp;bg1=F3F3F3&amp;f=ifr\" width=\"320\" height=\"240\" frameborder=\"0\" marginwidth=\"0\" marginheight=\"0\" scrolling=\"no\"><\/iframe><\/td>\n<td>Ce livre est destin\u00e9 aux acteurs qui veulent utiliser l&rsquo;improvisation comme outil, mais la plus grosse part de ce livre est consacr\u00e9e aux techniques d&rsquo;improvisation elles-m\u00eames. Le livre est facile \u00e0 lire et bas\u00e9 sur les th\u00e9ories de Keith Johnstone, en particulier celle des <em>status<\/em>. Le livre propose peu d&rsquo;exercices, mais les explore largement, proposant de nouveaux aspects, en particulier sur les status. Le livre est donc assez int\u00e9ressant, mais plut\u00f4t pointu. Je le d\u00e9conseille en premi\u00e8re lecture, mais tr\u00e8s bien en compl\u00e9ment. Il a l&rsquo;avantage de proposer un plan de cours organis\u00e9 en plusieurs s\u00e9ances. Il aborde \u00e9galement le rapport \u00e0 l&rsquo;espace qui est tr\u00e8s peu souvent explor\u00e9.<\/td>\n<\/tr>\n<\/tbody>\n<\/table>\n<p><strong>Truth in Comedy<\/strong> &#8211;<em> Charna Halpern, Del Close, Kim Johnson<\/em> :<\/p>\n<table>\n<tbody>\n<tr>\n<td><iframe loading=\"lazy\" style=\"width: 120px; height: 240px;\" src=\"http:\/\/rcm-fr.amazon.fr\/e\/cm?t=spontanement-21&amp;o=8&amp;p=8&amp;l=as1&amp;asins=1566080037&amp;ref=tf_til&amp;fc1=000000&amp;IS2=1&amp;lt1=_blank&amp;m=amazon&amp;lc1=395C77&amp;bc1=F3F3F3&amp;bg1=F3F3F3&amp;f=ifr\" width=\"320\" height=\"240\" frameborder=\"0\" marginwidth=\"0\" marginheight=\"0\" scrolling=\"no\"><\/iframe><\/td>\n<td>Ce livre est sans doute celui que j&rsquo;ai le moins aim\u00e9 de ceux que j&rsquo;ai pu lire, parce qu&rsquo;il pousse un peu vers le [Ecoute, Accepte, Propose]. Il est tr\u00e8s facile \u00e0 lire, mais les id\u00e9es manquent de finesse et de profondeur. Si en plus, on passe les tartines qu&rsquo;ils nous mettent pour nous dire \u00ab\u00a0on est troooooooooop foooooooooort ! L&rsquo;impro c&rsquo;est g\u00e9niaaaaaaaaaal ! Le Harold, c&rsquo;est ultra giga mega coooooooooool !\u00a0\u00bb, on peut tout de m\u00eame trouver des choses int\u00e9ressantes, sur le fait que rien n&rsquo;est plus dr\u00f4le que la v\u00e9rit\u00e9. Il y a aussi en filigrane des choses sur l&rsquo;organique et le \u00ab\u00a0group mind\u00a0\u00bb qui sont tr\u00e8s int\u00e9ressants mais peu th\u00e9oris\u00e9es et peu d\u00e9velopp\u00e9es ! Je pense que ce livre est \u00e0 lire avec un \u0153il averti, sous peine de n&rsquo;en tirer que bien peu de chose !<\/td>\n<\/tr>\n<\/tbody>\n<\/table>\n<p><strong>Interactive Acting<\/strong> &#8211; <em>Jeff Wirth<\/em> :<\/p>\n<table>\n<tbody>\n<tr>\n<td><iframe loading=\"lazy\" style=\"width: 120px; height: 240px;\" src=\"http:\/\/rcm-fr.amazon.fr\/e\/cm?t=spontanement-21&amp;o=8&amp;p=8&amp;l=as1&amp;asins=0963237497&amp;ref=tf_til&amp;fc1=000000&amp;IS2=1&amp;lt1=_blank&amp;m=amazon&amp;lc1=395C77&amp;bc1=F3F3F3&amp;bg1=F3F3F3&amp;f=ifr\" width=\"320\" height=\"240\" frameborder=\"0\" marginwidth=\"0\" marginheight=\"0\" scrolling=\"no\"><\/iframe><\/td>\n<td>Ce livre n&rsquo;est pas directement un livre d&rsquo;improvisation th\u00e9\u00e2trale. Il traite du th\u00e9\u00e2tre participatif. Les pi\u00e8ces o\u00f9 le public est invit\u00e9 \u00e0 participer. Bas\u00e9 pour beaucoup sur la th\u00e9orie de Keith Johnstone sur la narration, il expose diff\u00e9rents types de spectacles interactif, et propose des m\u00e9thodes pour cr\u00e9er une histoire, et amener le public \u00e0 collaborer. Autant la partie de la cr\u00e9ation de l&rsquo;histoire n&rsquo;est pas aussi int\u00e9ressante qu&rsquo;un bon Keith, autant la partie sur la collaboration avec le public est tout \u00e0 fait digne d&rsquo;int\u00e9r\u00eat, et ses enseignements sont \u00e0 mon avis utiles d\u00e8s que le public est amen\u00e9 \u00e0 participer, m\u00eame si ce n&rsquo;est que pour donner un th\u00e8me.<\/td>\n<\/tr>\n<\/tbody>\n<\/table>\n<p><strong>Improvisation for the theater<\/strong> &#8211; <em>Viola Spolin<\/em> :<\/p>\n<table>\n<tbody>\n<tr>\n<td><iframe loading=\"lazy\" style=\"width: 120px; height: 240px;\" src=\"http:\/\/rcm-fr.amazon.fr\/e\/cm?t=spontanement-21&amp;o=8&amp;p=8&amp;l=as1&amp;asins=081014008X&amp;ref=tf_til&amp;fc1=000000&amp;IS2=1&amp;lt1=_blank&amp;m=amazon&amp;lc1=395C77&amp;bc1=F3F3F3&amp;bg1=F3F3F3&amp;f=ifr\" width=\"320\" height=\"240\" frameborder=\"0\" marginwidth=\"0\" marginheight=\"0\" scrolling=\"no\"><\/iframe><\/td>\n<td>Pas fini de le lire (m\u00eame si j&rsquo;ai termin\u00e9 la partie th\u00e9orique). Ce livre est d\u00e9crit comme la bible de l&rsquo;improvisation. Je ne pensais pas que ce serait si vrai. C&rsquo;est un livre assez difficile \u00e0 lire avec des concepts assez flous. Il n&rsquo;est pas \u00e9vident d&rsquo;en tirer les enseignements, car les mots utilis\u00e9s semblent renvoyer \u00e0 des concepts qui m&rsquo;\u00e9chappent. Pour autant, on sent une richesse et une r\u00e9flexion, mais qui n&rsquo;est pas facile \u00e0 appr\u00e9hender.<\/td>\n<\/tr>\n<\/tbody>\n<\/table>\n<p><strong><a title=\"A pratical guide to Gorilla Theater and Micetro\" href=\"http:\/\/www.cafepress.com\/improvpress\" target=\"_blank\">A practical guide to Gorilla Theatre and Micetro<\/a><\/strong> &#8211;\u00a0<em>Richard Ross<\/em> :<\/p>\n<p>Un petit guide pour apprendre \u00e0 jouer, pr\u00e9senter et diriger ces deux formats d&rsquo;improvisation dirig\u00e9e cr\u00e9\u00e9s par Keith Johnstone. Pas indispensable, mais int\u00e9ressant, en particulier sur la gestion du comportement de diablotin (\u00ab\u00a0mischief\u00a0\u00bb). On regrettera quelques r\u00e9p\u00e9titions et quelques facilit\u00e9s entre la partie Gorilla Theater et Micetro o\u00f9 des morceaux sont carr\u00e9ment copier\/coll\u00e9s. En revanche, le petit manuel liste des plateformes, des tilts, des d\u00e9buts de sc\u00e8ne, des jeux qui peuvent \u00eatre bien utile pour diriger ces formats.<\/p>\n<p><strong>Improvise a full length play<\/strong> &#8211; <em>Kenn Adams<\/em> :<\/p>\n<table>\n<tbody>\n<tr>\n<td><iframe loading=\"lazy\" style=\"width: 120px; height: 240px;\" src=\"http:\/\/rcm-fr.amazon.fr\/e\/cm?t=spontanement-21&amp;o=8&amp;p=8&amp;l=as1&amp;asins=1581154933&amp;ref=tf_til&amp;fc1=000000&amp;IS2=1&amp;lt1=_blank&amp;m=amazon&amp;lc1=395C77&amp;bc1=F3F3F3&amp;bg1=F3F3F3&amp;f=ifr\" width=\"320\" height=\"240\" frameborder=\"0\" marginwidth=\"0\" marginheight=\"0\" scrolling=\"no\"><\/iframe><\/td>\n<td>Un livre court mais dense qui propose une structure et une technique pour improviser des pi\u00e8ces de th\u00e9\u00e2tre enti\u00e8re. Le livre propose donc une structure qui est d\u00e9taill\u00e9e et enrichie, introduisant des concepts et un vocabulaire propre au format. La construction du livre le rend facile \u00e0 prendre en main. A premi\u00e8re vue, la structure de pi\u00e8ce propos\u00e9e semble l\u00e9g\u00e8rement limitante, mais constitue une bonne base, et une bonne structure. Le livre n&rsquo;est pas tr\u00e8s utile pour improviser autre chose qu&rsquo;une pi\u00e8ce enti\u00e8re, \u00e0 part le travail sur les enjeux, c&rsquo;est \u00e0 dire rendre un \u00e9l\u00e9ment anodin important et central.<\/td>\n<\/tr>\n<\/tbody>\n<\/table>\n<p><strong>It&rsquo;s about tolerance stupid<\/strong> &#8211; <em>Ian Boothby<\/em> :<\/p>\n<table>\n<tbody>\n<tr>\n<td><iframe loading=\"lazy\" style=\"width: 120px; height: 240px;\" src=\"http:\/\/rcm-eu.amazon-adsystem.com\/e\/cm?lt1=_blank&amp;bc1=F3F3F3&amp;IS2=1&amp;bg1=F3F3F3&amp;fc1=000000&amp;lc1=395C77&amp;t=spontanement-21&amp;o=8&amp;p=8&amp;l=as1&amp;m=amazon&amp;f=ifr&amp;ref=tf_til&amp;asins=B00EM3AWFE\" width=\"300\" height=\"150\" frameborder=\"0\" marginwidth=\"0\" marginheight=\"0\" scrolling=\"no\"><\/iframe><\/td>\n<td>Voir ma critique <a href=\"http:\/\/www.spontanement.org\/wordpress\/2013\/09\/13\/its-about-tolerance-stupid\/\">ici<\/a>. Pour faire court : c&rsquo;est un livre court mais int\u00e9ressant qui ne concerne pas la th\u00e9orie de l&rsquo;impro, mais qui donne des conseils pour s&rsquo;\u00e9panouir artistiquement dans le milieu. Je le recommande aux \u00ab\u00a0v\u00e9t\u00e9rans\u00a0\u00bb de l&rsquo;impro qui sont familiers avec le milieu de l&rsquo;impro.<\/td>\n<\/tr>\n<\/tbody>\n<\/table>\n","protected":false},"excerpt":{"rendered":"<p>Une courte revue des livres que j&rsquo;ai lu, ce que j&rsquo;en ai pens\u00e9, de ce qu&rsquo;ils m&rsquo;ont apport\u00e9 : (Les&hellip;<\/p>\n","protected":false},"author":1,"featured_media":0,"parent":0,"menu_order":0,"comment_status":"open","ping_status":"open","template":"","meta":{"jetpack_post_was_ever_published":false,"footnotes":""},"jetpack_sharing_enabled":true,"jetpack_shortlink":"https:\/\/wp.me\/P1iCDO-dA","_links":{"self":[{"href":"http:\/\/www.spontanement.org\/wordpress\/index.php?rest_route=\/wp\/v2\/pages\/842"}],"collection":[{"href":"http:\/\/www.spontanement.org\/wordpress\/index.php?rest_route=\/wp\/v2\/pages"}],"about":[{"href":"http:\/\/www.spontanement.org\/wordpress\/index.php?rest_route=\/wp\/v2\/types\/page"}],"author":[{"embeddable":true,"href":"http:\/\/www.spontanement.org\/wordpress\/index.php?rest_route=\/wp\/v2\/users\/1"}],"replies":[{"embeddable":true,"href":"http:\/\/www.spontanement.org\/wordpress\/index.php?rest_route=%2Fwp%2Fv2%2Fcomments&post=842"}],"version-history":[{"count":26,"href":"http:\/\/www.spontanement.org\/wordpress\/index.php?rest_route=\/wp\/v2\/pages\/842\/revisions"}],"predecessor-version":[{"id":1257,"href":"http:\/\/www.spontanement.org\/wordpress\/index.php?rest_route=\/wp\/v2\/pages\/842\/revisions\/1257"}],"wp:attachment":[{"href":"http:\/\/www.spontanement.org\/wordpress\/index.php?rest_route=%2Fwp%2Fv2%2Fmedia&parent=842"}],"curies":[{"name":"wp","href":"https:\/\/api.w.org\/{rel}","templated":true}]}}